{"id":230,"date":"2011-03-11T19:49:24","date_gmt":"2011-03-11T19:49:24","guid":{"rendered":"http:\/\/localhost\/welcomeinn3\/?page_id=12"},"modified":"2014-11-27T03:02:06","modified_gmt":"2014-11-27T03:02:06","slug":"about-us-2","status":"publish","type":"page","link":"https:\/\/www.hostaldonderafa.com\/?page_id=230","title":{"rendered":"HOSTAL DONDE RAFA"},"content":{"rendered":"<h2>DONDE RAFA<\/h2>\n<h3>El Hostal<\/h3>\n<p><span style=\"color: #ff9900;\"> \u201cDonde Rafa\u201d is one of the best options for those who want to get away from the city of Medell\u00edn for a couple of days and enjoy the peace and quiet of the countryside.<br \/>\nLocated less than one hour outside of Medell\u00edn at the border of Nature Park &#8220;Parque Arv\u00ed&#8221;, &#8220;Hostal Donde Rafa&#8221; offers everything one needs to relax, get new energy and get in touch with the local people and their amazing culture. Hike through the forest to beautiful waterfalls, enjoy delicious food or just relax in a hammock listening to the sound of nature. (see activities) <\/span><\/p>\n<p> &#8220;Hostal Donde Rafa&#8221; es una de las mejores opciones para aquellos que quieren alejarse de la ciudad de Medell\u00edn por un par de d\u00edas y disfrutar de la paz y la tranquilidad del campo. Est\u00e1 situado al lado del &#8220;Parque Arvi&#8221; a menos de una hora fuera de Medell\u00edn y ofrece todo lo que uno necesita para relajarse y ponerse en contacto con la gente local y su cultura incre\u00edble. Ofrecemos caminatas a las cascadas, comida t\u00edpica y viajes por el Oriente de Antioquia.<\/span><span style=\"color: #ff9900;\">.<\/span><\/p>\n<p><strong>Our Hostel counts with:<\/strong><\/p>\n<p>&#8211; Dorms (4 beds)<br \/>\n&#8211; Private rooms (shared \/ private bathroom)<br \/>\n&#8211; Living room with chimney<br \/>\n&#8211; full equipped Kitchen<br \/>\n&#8211; outside terrace<br \/>\n&#8211; garden<br \/>\n&#8211; restaurant service<\/p>\n<p>Book now via <a href=\"http:\/\/www.booking.com\/hotel\/co\/hostal-donde-rafa.html?aid=330843;lang=en\">booking.com<\/a>booking.com<br \/>\n<a href=\"http:\/\/www.booking.com\/hotel\/co\/hostal-donde-rafa.html?aid=330843;lang=es\"><br \/>\n <img decoding=\"async\" src=\"http:\/\/aff.bstatic.com\/images\/affiliate\/330843\/booknow_en.gif\" style=\"border: 0;\" \/><\/a><\/p>\n<p><a href=\"http:\/\/www.hostaldonderafa.com\/?page_id=229\">Contact us<\/a> for reservation!<\/p>\n<p><span style=\"color: #ff9900;\"><strong>Nuestro Hostal cuenta con:<\/strong><\/span><br \/>\n<span style=\"color: #ff9900;\"><strong><\/strong><br \/>\n&#8211; Dormitorio<br \/>\n&#8211; Habitaci\u00f3n privada<br \/>\n&#8211; Sala con chimenea<br \/>\n&#8211; Ba\u00f1os (agua caliente)<br \/>\n&#8211; Cocina<br \/>\n&#8211; terraza<br \/>\n&#8211; jardin<br \/>\n&#8211; servicio de restaurante<\/span><\/p>\n<p>Reserva ahora a trav\u00e9s de <a href=\"http:\/\/www.booking.com\/hotel\/co\/hostal-donde-rafa.html?aid=330843;lang=es\">Booking.com<\/a><br \/>\n<a href=\"http:\/\/www.booking.com\/hotel\/co\/hostal-donde-rafa.html?aid=330843;lang=es\"><br \/>\n <img decoding=\"async\" src=\"http:\/\/aff.bstatic.com\/images\/affiliate\/330843\/booknow_es.gif\" style=\"border: 0;\" \/><\/a><\/p>\n<p><span style=\"color: #ff9900;\"><a href=\"http:\/\/www.hostaldonderafa.com\/?page_id=229\">Cont\u00e1ctenos<\/a><\/span><\/p>\n<p>&nbsp;<\/p>\n<p style=\"text-align: center;\">Rooms \/ Habitaciones \/\/\/ How to get here \/ C\u00f3mo llegar \/\/\/ Services \/ Servicios \/\/\/ About Rafael \/ Sobre Rafael<\/p>\n<p>&nbsp;<\/p>\n<p>&nbsp;<\/p>\n","protected":false},"excerpt":{"rendered":"<p>DONDE RAFA<br \/>\nEl Hostal<br \/>\n \u201cDonde Rafa\u201d is one of the best options for those who want to get away from the city of Medell\u00edn for a &#8230;<\/p>\n","protected":false},"author":1,"featured_media":0,"parent":0,"menu_order":0,"comment_status":"open","ping_status":"open","template":"template-donde-rafa.php","meta":{"footnotes":""},"class_list":["post-230","page","type-page","status-publish","hentry"],"_links":{"self":[{"href":"https:\/\/www.hostaldonderafa.com\/index.php?rest_route=\/wp\/v2\/pages\/230","targetHints":{"allow":["GET"]}}],"collection":[{"href":"https:\/\/www.hostaldonderafa.com\/index.php?rest_route=\/wp\/v2\/pages"}],"about":[{"href":"https:\/\/www.hostaldonderafa.com\/index.php?rest_route=\/wp\/v2\/types\/page"}],"author":[{"embeddable":true,"href":"https:\/\/www.hostaldonderafa.com\/index.php?rest_route=\/wp\/v2\/users\/1"}],"replies":[{"embeddable":true,"href":"https:\/\/www.hostaldonderafa.com\/index.php?rest_route=%2Fwp%2Fv2%2Fcomments&post=230"}],"version-history":[{"count":39,"href":"https:\/\/www.hostaldonderafa.com\/index.php?rest_route=\/wp\/v2\/pages\/230\/revisions"}],"predecessor-version":[{"id":390,"href":"https:\/\/www.hostaldonderafa.com\/index.php?rest_route=\/wp\/v2\/pages\/230\/revisions\/390"}],"wp:attachment":[{"href":"https:\/\/www.hostaldonderafa.com\/index.php?rest_route=%2Fwp%2Fv2%2Fmedia&parent=230"}],"curies":[{"name":"wp","href":"https:\/\/api.w.org\/{rel}","templated":true}]}}